{"id":21,"date":"2025-11-26T08:56:37","date_gmt":"2025-11-26T08:56:37","guid":{"rendered":"https:\/\/institutoglobaldecuidados.com\/?page_id=21"},"modified":"2025-12-09T16:54:22","modified_gmt":"2025-12-09T16:54:22","slug":"politica-de-cookies","status":"publish","type":"page","link":"https:\/\/institutoglobaldecuidados.com\/index.php\/politica-de-cookies\/","title":{"rendered":"Pol\u00edtica de Cookies"},"content":{"rendered":"\t\t<div data-elementor-type=\"wp-page\" data-elementor-id=\"21\" class=\"elementor elementor-21\" data-elementor-post-type=\"page\">\n\t\t\t\t<div class=\"elementor-element elementor-element-3bfa957 e-flex e-con-boxed e-con e-parent\" data-id=\"3bfa957\" data-element_type=\"container\" data-e-type=\"container\">\n\t\t\t\t\t<div class=\"e-con-inner\">\n\t\t\t\t<div class=\"elementor-element elementor-element-abf304a elementor-widget elementor-widget-text-editor\" data-id=\"abf304a\" data-element_type=\"widget\" data-e-type=\"widget\" data-widget_type=\"text-editor.default\">\n\t\t\t\t\t\t\t\t\t<h2><strong>POL\u00cdTICA DE COOKIES<\/strong><\/h2><p><strong>INFORMACI\u00d3N SOBRE COOKIES<\/strong><br \/>Conforme con la Ley 34\/2002, de 11 de julio, de servicios de la sociedad de la informaci\u00f3n y de comercio electr\u00f3nico (LSSI), en relaci\u00f3n con el Reglamento (UE) 2016\/679 del Parlamento Europeo y del Consejo, de 27 de abril de 2016,<br \/>General de Protecci\u00f3n de Datos (RGPD) y la Ley Org\u00e1nica 3\/2018, de 5 de diciembre, de Protecci\u00f3n de Datos y Garant\u00eda de los Derechos Digitales (LOPDGDD), es obligado obtener el consentimiento expreso del usuario de todas las p\u00e1ginas<br \/>web que usan cookies prescindibles, antes de que este navegue por ellas.<\/p><p><strong>\u00bfQU\u00c9 SON LAS COOKIES?<\/strong><br \/>Las cookies y otras tecnolog\u00edas similares tales como local shared objects, flash cookies o p\u00edxeles, son herramientas empleadas por los servidores Web para almacenar y recuperar informaci\u00f3n acerca de sus visitantes, as\u00ed como para<br \/>ofrecer un correcto funcionamiento del sitio.<br \/>Mediante el uso de estos dispositivos se permite al servidor Web recordar algunos datos concernientes al usuario, como sus preferencias para la visualizaci\u00f3n de las p\u00e1ginas de ese servidor, nombre y contrase\u00f1a, productos que m\u00e1s le interesan, etc.<\/p><p><strong>COOKIES AFECTADAS POR LA NORMATIVA Y COOKIES EXCEPTUADAS<\/strong><br \/>Seg\u00fan la directiva de la UE, las cookies que requieren el consentimiento informado por parte del usuario son las cookies de anal\u00edtica y las de publicidad y afiliaci\u00f3n, quedando exceptuadas las de car\u00e1cter t\u00e9cnico y las necesarias para el<br \/>funcionamiento del sitio web o la prestaci\u00f3n de servicios expresamente solicitados por el usuario.<\/p><p style=\"text-align: center;\"><strong>TIPOS DE COOKIES<\/strong><\/p><p style=\"text-align: left;\"><strong>SEG\u00daN LA FINALIDAD<\/strong><\/p><ul><li><strong>Cookies t\u00e9cnicas y funcionales:<\/strong> son aquellas que permiten al usuario la navegaci\u00f3n a trav\u00e9s de una p\u00e1gina web, plataforma o aplicaci\u00f3n y la utilizaci\u00f3n de las diferentes opciones o servicios que en ella existan.<\/li><li><strong>Cookies anal\u00edticas:<\/strong> son aquellas que permiten al responsable de las mismas el seguimiento y an\u00e1lisis del comportamiento de los usuarios de los sitios web a los que est\u00e1n vinculadas. La informaci\u00f3n recogida mediante este tipo de cookies se utiliza en la medici\u00f3n de la actividad de los sitios web, aplicaci\u00f3n o plataforma y para la elaboraci\u00f3n de perfiles de navegaci\u00f3n de los usuarios de dichos sitios, aplicaciones y plataformas, con el fin de introducir mejoras en funci\u00f3n del an\u00e1lisis de los datos de uso que hacen los usuarios del servicio.<\/li><li><strong>Cookies publicitarias:<\/strong> son aquellas que permiten la gesti\u00f3n, de la forma m\u00e1s eficaz posible, de los espacios publicitarios que, en su caso, el editor haya incluido en una p\u00e1gina web, aplicaci\u00f3n o plataforma desde la que presta el servicio solicitado en base a criterios como el contenido editado o la frecuencia en la que se muestran los anuncios.<\/li><li><strong>Cookies de publicidad comportamental:<\/strong> recogen informaci\u00f3n sobre las preferencias y elecciones personales del usuario (retargeting) para permitir la gesti\u00f3n, de la forma m\u00e1s eficaz posible, de los espacios publicitarios que, en su caso, el editor haya incluido en una p\u00e1gina web, aplicaci\u00f3n o plataforma desde la que presta el servicio solicitado.<\/li><li><strong>Cookies sociales:<\/strong> son establecidas por las plataformas de redes sociales en los servicios para permitirle compartir contenido con sus amigos y redes. Las plataformas de medios sociales tienen la capacidad de rastrear su actividad en l\u00ednea fuera de los Servicios. Esto puede afectar al contenido y los mensajes que ve en otros servicios que visita.<\/li><li><strong>Cookies de afiliados:<\/strong> permiten hacer un seguimiento de las visitas procedentes de otras webs, con las que el sitio web establece un contrato de afiliaci\u00f3n (empresas de afiliaci\u00f3n).<\/li><li><strong>Cookies de seguridad:<\/strong> almacenan informaci\u00f3n cifrada para evitar que los datos guardados en ellas sean<br \/>vulnerables a ataques maliciosos de terceros.<\/li><\/ul><p>SEG\u00daN LA PROPIEDAD<\/p><ul><li><strong>Cookies propias:<\/strong> son aquellas que se env\u00edan al equipo terminal del usuario desde un equipo o dominio<br \/>gestionado por el propio editor y desde el que se presta el servicio solicitado por el usuario.<\/li><li><strong>Cookies de terceros:<\/strong> son aquellas que se env\u00edan al equipo terminal del usuario desde un equipo o dominio que<br \/>no es gestionado por el editor, sino por otra entidad que trata los datos obtenidos trav\u00e9s de las cookies.<\/li><\/ul><p>SEG\u00daN EL PLAZO DE CONSERVACI\u00d3N<\/p><ul><li><strong>Cookies de sesi\u00f3n:<\/strong> son un tipo de cookies dise\u00f1adas para recabar y almacenar datos mientras el usuario accede<br \/>a una p\u00e1gina web.<\/li><li><strong>Cookies persistentes:<\/strong> son un tipo de cookies en el que los datos siguen almacenados en el terminal y pueden<br \/>ser accedidos y tratados durante un per\u00edodo definido por el responsable de la cookie, y que puede ir de unos<br \/>minutos a varios a\u00f1os.<\/li><\/ul><p style=\"text-align: center;\">TRATAMIENTO DE DATOS PERSONALES<\/p><p>SOCIEDAD ANDALUZA DE SERVICIOS SANITARIOS, S.L.U. es el Responsable del tratamiento de los datos personales del Interesado y le informa de que estos datos ser\u00e1n tratados de conformidad con lo dispuesto en el Reglamento (UE)<br \/>2016\/679, de 27 de abril de 2016 (RGPD), por lo que se le facilita la siguiente informaci\u00f3n del tratamiento:<\/p><p><strong>Fines del tratamiento:<\/strong> seg\u00fan se especifica en el apartado de cookies que se utilizan en este sitio web.<\/p><p><strong>Legitimaci\u00f3n del tratamiento:<\/strong> salvo en los casos en los que resulte necesario para la navegaci\u00f3n por la web, por consentimiento del interesado (art. 6.1.a RGPD).<\/p><p><strong>Criterios de conservaci\u00f3n de los datos:<\/strong> seg\u00fan se especifica en el apartado de cookies utilizadas en la web.<\/p><p><strong>Comunicaci\u00f3n de los datos:<\/strong> no se comunicar\u00e1n los datos a terceros, excepto en cookies propiedad de terceros o por obligaci\u00f3n legal.<\/p><p>Derechos que asisten al Interesado:<\/p><p>&#8211; Derecho a retirar el consentimiento en cualquier momento.<br \/>&#8211; Derecho de acceso, rectificaci\u00f3n, portabilidad y supresi\u00f3n de sus datos, y de limitaci\u00f3n u oposici\u00f3n a su tratamiento.<br \/>&#8211; Derecho a presentar una reclamaci\u00f3n ante la Autoridad de control (www.aepd.es) si considera que el tratamiento no<br \/>se ajusta a la normativa vigente.<\/p><p>Datos de contacto para ejercer sus derechos:<\/p><p>SOCIEDAD ANDALUZA DE SERVICIOS SANITARIOS, S.L.U.. C\/LUIS DE BAEZA, 2 -4 &#8211; 04009 ALMER\u00cdA (Almer\u00eda). E-mail: elisacobo@sassanteforma.com<\/p>\t\t\t\t\t\t\t\t<\/div>\n\t\t\t\t\t<\/div>\n\t\t\t\t<\/div>\n\t\t<div class=\"elementor-element elementor-element-f9f57f2 e-flex e-con-boxed e-con e-parent\" data-id=\"f9f57f2\" data-element_type=\"container\" data-e-type=\"container\">\n\t\t\t\t\t<div class=\"e-con-inner\">\n\t\t\t\t<div class=\"elementor-element elementor-element-f231450 elementor-widget elementor-widget-html\" data-id=\"f231450\" data-element_type=\"widget\" data-e-type=\"widget\" data-widget_type=\"html.default\">\n\t\t\t\t\t<div class=\"cookies-policy\">\r\n\r\n  <h2 class=\"cookies-main-title\">COOKIES CONTROLADAS POR EL EDITOR<\/h2>\r\n\r\n  <h3 class=\"cookies-section-title\">T\u00e9cnicas y funcionales<\/h3>\r\n\r\n  <div class=\"cookies-table-wrapper\">\r\n    <table class=\"cookies-table\">\r\n      <thead>\r\n        <tr>\r\n          <th>Propiedad<\/th>\r\n          <th>Cookie<\/th>\r\n          <th>Finalidad<\/th>\r\n          <th>Plazo<\/th>\r\n        <\/tr>\r\n      <\/thead>\r\n      <tbody>\r\n        <tr>\r\n          <td>api.aplazame.com<\/td>\r\n          <td>sessionid<\/td>\r\n          <td>Cookie necesaria para la utilizaci\u00f3n de las opciones y servicios del sitio web<\/td>\r\n          <td>14 d\u00edas<\/td>\r\n        <\/tr>\r\n        <tr>\r\n          <td>google.com<\/td>\r\n          <td>__Secure-1PAPISID<\/td>\r\n          <td>Cookie necesaria para la utilizaci\u00f3n de las opciones y servicios del sitio web<\/td>\r\n          <td>1 a\u00f1o<\/td>\r\n        <\/tr>\r\n        <tr>\r\n          <td>google.com<\/td>\r\n          <td>__Secure-1PSID<\/td>\r\n          <td>Cookie necesaria para la utilizaci\u00f3n de las opciones y servicios del sitio web<\/td>\r\n          <td>1 a\u00f1o<\/td>\r\n        <\/tr>\r\n        <tr>\r\n          <td>google.com<\/td>\r\n          <td>__Secure-1PSIDCC<\/td>\r\n          <td>Cookie necesaria para la utilizaci\u00f3n de las opciones y servicios del sitio web<\/td>\r\n          <td>1 a\u00f1o<\/td>\r\n        <\/tr>\r\n        <tr>\r\n          <td>google.com<\/td>\r\n          <td>__Secure-3PSIDCC<\/td>\r\n          <td>Cookie necesaria para la utilizaci\u00f3n de las opciones y servicios del sitio web<\/td>\r\n          <td>1 a\u00f1o<\/td>\r\n        <\/tr>\r\n        <tr>\r\n          <td>google.com<\/td>\r\n          <td>__Secure-ENID<\/td>\r\n          <td>Cookie necesaria para la utilizaci\u00f3n de las opciones y servicios del sitio web<\/td>\r\n          <td>8 meses<\/td>\r\n        <\/tr>\r\n        <tr>\r\n          <td>google.com<\/td>\r\n          <td>AEC<\/td>\r\n          <td>Cookie necesaria para la utilizaci\u00f3n de las opciones y servicios del sitio web<\/td>\r\n          <td>6 meses<\/td>\r\n        <\/tr>\r\n        <tr>\r\n          <td>google.com<\/td>\r\n          <td>CONSENT<\/td>\r\n          <td>Rastreador de consentimiento de cookies<\/td>\r\n          <td>8 meses<\/td>\r\n        <\/tr>\r\n        <tr>\r\n          <td>Google<\/td>\r\n          <td>SEARCH_SAMESITE<\/td>\r\n          <td>Mitiga riesgo de fuga de informaci\u00f3n de origen cruzado y protege contra solicitudes fraudulentas<\/td>\r\n          <td>5 meses<\/td>\r\n        <\/tr>\r\n        <tr>\r\n          <td>sassanformacion.com<\/td>\r\n          <td>_gat_gtag_UA_165922608_1<\/td>\r\n          <td>Cookie necesaria para la utilizaci\u00f3n de las opciones y servicios del sitio web<\/td>\r\n          <td>Sesi\u00f3n<\/td>\r\n        <\/tr>\r\n        <tr>\r\n          <td>sassanformacion.com<\/td>\r\n          <td>_wpfuuid<\/td>\r\n          <td>Cookie necesaria para la utilizaci\u00f3n de las opciones y servicios del sitio web<\/td>\r\n          <td>1 a\u00f1o<\/td>\r\n        <\/tr>\r\n        <tr>\r\n          <td>sassanformacion.com<\/td>\r\n          <td>cookie_notice_accepted<\/td>\r\n          <td>Cookie necesaria para la utilizaci\u00f3n de las opciones y servicios del sitio web<\/td>\r\n          <td>1 mes<\/td>\r\n        <\/tr>\r\n        <tr>\r\n          <td>sassanformacion.com<\/td>\r\n          <td>mailchimp_landing_site<\/td>\r\n          <td>Cookie necesaria para la utilizaci\u00f3n de las opciones y servicios del sitio web<\/td>\r\n          <td>1 mes<\/td>\r\n        <\/tr>\r\n        <tr>\r\n          <td>sassanformacion.com<\/td>\r\n          <td>woocommerce_cart_hash<\/td>\r\n          <td>Cookie necesaria para la utilizaci\u00f3n de las opciones y servicios del sitio web<\/td>\r\n          <td>Sesi\u00f3n<\/td>\r\n        <\/tr>\r\n        <tr>\r\n          <td>sassanformacion.com<\/td>\r\n          <td>woocommerce_items_in_cart<\/td>\r\n          <td>Cookie necesaria para la utilizaci\u00f3n de las opciones y servicios del sitio web<\/td>\r\n          <td>Sesi\u00f3n<\/td>\r\n        <\/tr>\r\n        <tr>\r\n          <td>WordPress<\/td>\r\n          <td>wordpress_test_cookie<\/td>\r\n          <td>Comprueba si el navegador acepta cookies<\/td>\r\n          <td>2 d\u00edas<\/td>\r\n        <\/tr>\r\n        <tr>\r\n          <td>sassanformacion.com<\/td>\r\n          <td>wp_woocommerce_session_xxxxx<\/td>\r\n          <td>Cookie necesaria para la utilizaci\u00f3n de las opciones y servicios del sitio web<\/td>\r\n          <td>2 d\u00edas<\/td>\r\n        <\/tr>\r\n      <\/tbody>\r\n    <\/table>\r\n  <\/div>\r\n\r\n  <!-- ======================== ANAL\u00cdTICAS ======================== -->\r\n\r\n  <h3 class=\"cookies-section-title\">Anal\u00edticas<\/h3>\r\n\r\n  <div class=\"cookies-table-wrapper\">\r\n    <table class=\"cookies-table\">\r\n      <thead>\r\n        <tr>\r\n          <th>Propiedad<\/th>\r\n          <th>Cookie<\/th>\r\n          <th>Finalidad<\/th>\r\n          <th>Plazo<\/th>\r\n        <\/tr>\r\n      <\/thead>\r\n      <tbody>\r\n        <tr>\r\n          <td>Google<\/td>\r\n          <td>__Secure-3PAPISID<\/td>\r\n          <td>Anuncios m\u00e1s relevantes seg\u00fan intereses<\/td>\r\n          <td>1 a\u00f1o<\/td>\r\n        <\/tr>\r\n        <tr>\r\n          <td>Google<\/td>\r\n          <td>__Secure-3PSID<\/td>\r\n          <td>Anuncios m\u00e1s relevantes seg\u00fan intereses<\/td>\r\n          <td>1 a\u00f1o<\/td>\r\n        <\/tr>\r\n        <tr>\r\n          <td>Google Analytics<\/td>\r\n          <td>_ga<\/td>\r\n          <td>Identificar usuarios<\/td>\r\n          <td>2 a\u00f1os<\/td>\r\n        <\/tr>\r\n        <tr>\r\n          <td>Google Analytics<\/td>\r\n          <td>_gid<\/td>\r\n          <td>Identificar usuarios por 24h<\/td>\r\n          <td>22 horas<\/td>\r\n        <\/tr>\r\n      <\/tbody>\r\n    <\/table>\r\n  <\/div>\r\n\r\n  <!-- ======================== PUBLICITARIAS ======================== -->\r\n\r\n  <h3 class=\"cookies-section-title\">Publicitarias<\/h3>\r\n\r\n  <div class=\"cookies-table-wrapper\">\r\n    <table class=\"cookies-table\">\r\n      <thead>\r\n        <tr>\r\n          <th>Propiedad<\/th>\r\n          <th>Cookie<\/th>\r\n          <th>Finalidad<\/th>\r\n          <th>Plazo<\/th>\r\n        <\/tr>\r\n      <\/thead>\r\n      <tbody>\r\n        <tr>\r\n          <td>Facebook<\/td>\r\n          <td>datr<\/td>\r\n          <td>Prevenci\u00f3n de creaci\u00f3n de cuentas falsas<\/td>\r\n          <td>6 meses<\/td>\r\n        <\/tr>\r\n        <tr>\r\n          <td>Facebook<\/td>\r\n          <td>oo<\/td>\r\n          <td>Exclusi\u00f3n de anuncios<\/td>\r\n          <td>12 meses<\/td>\r\n        <\/tr>\r\n        <tr>\r\n          <td>Facebook<\/td>\r\n          <td>sb<\/td>\r\n          <td>Identificaci\u00f3n navegador para funciones de Facebook<\/td>\r\n          <td>5 meses<\/td>\r\n        <\/tr>\r\n        <tr>\r\n          <td>Google<\/td>\r\n          <td>1P_JAR<\/td>\r\n          <td>Datos de v\u00eddeos de YouTube y preferencias<\/td>\r\n          <td>1 mes<\/td>\r\n        <\/tr>\r\n        <tr>\r\n          <td>Google<\/td>\r\n          <td>APISID<\/td>\r\n          <td>Preferencias de herramientas Google<\/td>\r\n          <td>1 a\u00f1o<\/td>\r\n        <\/tr>\r\n        <tr>\r\n          <td>Google<\/td>\r\n          <td>HSID<\/td>\r\n          <td>Seguridad y prevenci\u00f3n de fraude<\/td>\r\n          <td>1 a\u00f1o<\/td>\r\n        <\/tr>\r\n        <tr>\r\n          <td>Google<\/td>\r\n          <td>NID<\/td>\r\n          <td>Personalizaci\u00f3n de anuncios<\/td>\r\n          <td>7 meses<\/td>\r\n        <\/tr>\r\n        <tr>\r\n          <td>Google<\/td>\r\n          <td>OTZ<\/td>\r\n          <td>An\u00e1lisis visitantes<\/td>\r\n          <td>1 mes<\/td>\r\n        <\/tr>\r\n        <tr>\r\n          <td>Google<\/td>\r\n          <td>SAPISID<\/td>\r\n          <td>Preferencias de usuario Google<\/td>\r\n          <td>1 a\u00f1o<\/td>\r\n        <\/tr>\r\n        <tr>\r\n          <td>Google<\/td>\r\n          <td>SID<\/td>\r\n          <td>Seguridad y preferencias de anuncios<\/td>\r\n          <td>1 a\u00f1o<\/td>\r\n        <\/tr>\r\n        <tr>\r\n          <td>Google<\/td>\r\n          <td>SIDCC<\/td>\r\n          <td>Seguridad de usuario<\/td>\r\n          <td>1 a\u00f1o<\/td>\r\n        <\/tr>\r\n        <tr>\r\n          <td>Google<\/td>\r\n          <td>SSID<\/td>\r\n          <td>Preferencias de anuncios<\/td>\r\n          <td>1 a\u00f1o<\/td>\r\n        <\/tr>\r\n        <tr>\r\n          <td>Facebook<\/td>\r\n          <td>_fbp<\/td>\r\n          <td>Mostrar anuncios personalizados de Facebook<\/td>\r\n          <td>3 meses<\/td>\r\n        <\/tr>\r\n      <\/tbody>\r\n    <\/table>\r\n  <\/div>\r\n\r\n  <!-- ======================== COOKIES DE TERCEROS ======================== -->\r\n\r\n  <h3 class=\"cookies-section-title\">COOKIES DE TERCEROS<\/h3>\r\n\r\n  <p>Los servicios de terceros son ajenos al control del editor. Los proveedores pueden modificar en cualquier momento sus condiciones de servicio y las cookies utilizadas.<\/p>\r\n\r\n  <div class=\"cookies-table-wrapper\">\r\n    <table class=\"cookies-table\">\r\n      <thead>\r\n        <tr>\r\n          <th>Editor<\/th>\r\n          <th>Pol\u00edtica de privacidad<\/th>\r\n        <\/tr>\r\n      <\/thead>\r\n      <tbody>\r\n        <tr>\r\n          <td>Facebook<\/td>\r\n          <td><a href=\"https:\/\/www.facebook.com\/about\/privacy\/\" target=\"_blank\" rel=\"noopener\">https:\/\/www.facebook.com\/about\/privacy\/<\/a><\/td>\r\n        <\/tr>\r\n        <tr>\r\n          <td>Google Analytics<\/td>\r\n          <td><a href=\"https:\/\/policies.google.com\/privacy\" target=\"_blank\" rel=\"noopener\">https:\/\/policies.google.com\/privacy<\/a><\/td>\r\n        <\/tr>\r\n        <tr>\r\n          <td>Google<\/td>\r\n          <td><a href=\"https:\/\/policies.google.com\/technologies\/cookies\" target=\"_blank\" rel=\"noopener\">https:\/\/policies.google.com\/technologies\/cookies<\/a><\/td>\r\n        <\/tr>\r\n        <tr>\r\n          <td>WordPress<\/td>\r\n          <td><a href=\"https:\/\/wordpress.org\/about\/privacy\/cookies\/\" target=\"_blank\" rel=\"noopener\">https:\/\/wordpress.org\/about\/privacy\/cookies\/<\/a><\/td>\r\n        <\/tr>\r\n      <\/tbody>\r\n    <\/table>\r\n  <\/div>\r\n\r\n  <!-- ======================== PANEL DE COOKIES ======================== -->\r\n\r\n  <h3 class=\"cookies-section-title\">Panel de configuraci\u00f3n de cookies<\/h3>\r\n\r\n  <p><a href=\"#\" class=\"cookies-panel-link\">Panel de cookies<\/a><\/p>\r\n\r\n  <!-- ======================== GESTI\u00d3N DESDE NAVEGADOR ======================== -->\r\n\r\n  <h3 class=\"cookies-section-title\">C\u00f3mo gestionar las cookies desde el navegador<\/h3>\r\n\r\n  <div class=\"cookies-table-wrapper\">\r\n    <table class=\"cookies-table\">\r\n      <thead>\r\n        <tr>\r\n          <th>Acci\u00f3n<\/th>\r\n          <th>Descripci\u00f3n<\/th>\r\n        <\/tr>\r\n      <\/thead>\r\n      <tbody>\r\n        <tr>\r\n          <td>Eliminar cookies del dispositivo<\/td>\r\n          <td>Puedes eliminarlas borrando el historial del navegador.<\/td>\r\n        <\/tr>\r\n        <tr>\r\n          <td>Gestionar cookies espec\u00edficas del sitio<\/td>\r\n          <td>Permite ajustar tus preferencias para cookies de cada web.<\/td>\r\n        <\/tr>\r\n        <tr>\r\n          <td>Bloquear cookies<\/td>\r\n          <td>Puedes bloquear todas o algunas cookies desde la configuraci\u00f3n del navegador.<\/td>\r\n        <\/tr>\r\n      <\/tbody>\r\n    <\/table>\r\n  <\/div>\r\n\r\n  <!-- ======================== ENLACES NAVEGADORES ======================== -->\r\n\r\n  <h3 class=\"cookies-section-title\">C\u00f3mo eliminar las cookies en los navegadores m\u00e1s comunes<\/h3>\r\n\r\n  <ul>\r\n    <li><strong>Chrome:<\/strong> <a href=\"http:\/\/support.google.com\/chrome\/answer\/95647?hl=es\" target=\"_blank\" rel=\"noopener\">Eliminar cookies en Chrome<\/a><\/li>\r\n    <li><strong>Edge:<\/strong> <a href=\"https:\/\/support.microsoft.com\/es-es\/microsoft-edge\/eliminar-las-cookies-en-microsoft-edge\" target=\"_blank\" rel=\"noopener\">Eliminar cookies en Edge<\/a><\/li>\r\n    <li><strong>Explorer:<\/strong> <a href=\"https:\/\/support.microsoft.com\/es-es\/help\/278835\" target=\"_blank\" rel=\"noopener\">Eliminar cookies en Internet Explorer<\/a><\/li>\r\n    <li><strong>Firefox:<\/strong> <a href=\"http:\/\/support.mozilla.org\/es\/kb\/delete-cookies-remove-info-websites-stored\" target=\"_blank\" rel=\"noopener\">Eliminar cookies en Firefox<\/a><\/li>\r\n    <li><strong>Safari:<\/strong> <a href=\"https:\/\/support.apple.com\/es-es\/guide\/safari\/af1f7f11\/mac\" target=\"_blank\" rel=\"noopener\">Eliminar cookies en Safari<\/a><\/li>\r\n    <li><strong>Opera:<\/strong> <a href=\"https:\/\/help.opera.com\/en\/latest\/security-and-privacy\/#clearBrowsingData\" target=\"_blank\" rel=\"noopener\">Eliminar cookies en Opera<\/a><\/li>\r\n  <\/ul>\r\n\r\n<\/div>\r\n\t\t\t\t<\/div>\n\t\t\t\t\t<\/div>\n\t\t\t\t<\/div>\n\t\t\t\t<\/div>\n\t\t","protected":false},"excerpt":{"rendered":"<p>POL\u00cdTICA DE COOKIES INFORMACI\u00d3N SOBRE COOKIESConforme con la Ley 34\/2002, de 11 de julio, de servicios de la sociedad de la informaci\u00f3n y de comercio electr\u00f3nico (LSSI), en relaci\u00f3n con el Reglamento (UE) 2016\/679 del Parlamento Europeo y del Consejo, de 27 de abril de 2016,General de Protecci\u00f3n de Datos (RGPD) y la Ley Org\u00e1nica [&hellip;]<\/p>\n","protected":false},"author":1,"featured_media":0,"parent":0,"menu_order":0,"comment_status":"closed","ping_status":"closed","template":"","meta":{"footnotes":""},"class_list":["post-21","page","type-page","status-publish","hentry"],"_links":{"self":[{"href":"https:\/\/institutoglobaldecuidados.com\/index.php\/wp-json\/wp\/v2\/pages\/21","targetHints":{"allow":["GET"]}}],"collection":[{"href":"https:\/\/institutoglobaldecuidados.com\/index.php\/wp-json\/wp\/v2\/pages"}],"about":[{"href":"https:\/\/institutoglobaldecuidados.com\/index.php\/wp-json\/wp\/v2\/types\/page"}],"author":[{"embeddable":true,"href":"https:\/\/institutoglobaldecuidados.com\/index.php\/wp-json\/wp\/v2\/users\/1"}],"replies":[{"embeddable":true,"href":"https:\/\/institutoglobaldecuidados.com\/index.php\/wp-json\/wp\/v2\/comments?post=21"}],"version-history":[{"count":8,"href":"https:\/\/institutoglobaldecuidados.com\/index.php\/wp-json\/wp\/v2\/pages\/21\/revisions"}],"predecessor-version":[{"id":230,"href":"https:\/\/institutoglobaldecuidados.com\/index.php\/wp-json\/wp\/v2\/pages\/21\/revisions\/230"}],"wp:attachment":[{"href":"https:\/\/institutoglobaldecuidados.com\/index.php\/wp-json\/wp\/v2\/media?parent=21"}],"curies":[{"name":"wp","href":"https:\/\/api.w.org\/{rel}","templated":true}]}}